{"id":17364,"date":"2025-01-21T16:40:25","date_gmt":"2025-01-21T13:40:25","guid":{"rendered":"https:\/\/dunyamarine.net\/engineering-and-surveying-services\/"},"modified":"2025-03-07T12:08:44","modified_gmt":"2025-03-07T09:08:44","slug":"engineering-and-surveying-services","status":"publish","type":"page","link":"https:\/\/dunyamarine.net\/en\/engineering-and-surveying-services\/","title":{"rendered":"Engineering and Surveying Services"},"content":{"rendered":"\t\t<div data-elementor-type=\"wp-page\" data-elementor-id=\"17364\" class=\"elementor elementor-17364 elementor-15073\">\n\t\t\t\t\t\t<section class=\"elementor-section elementor-top-section elementor-element elementor-element-00861cd elementor-section-stretched elementor-section-boxed elementor-section-height-default elementor-section-height-default\" data-id=\"00861cd\" data-element_type=\"section\" data-e-type=\"section\" data-settings=\"{&quot;stretch_section&quot;:&quot;section-stretched&quot;,&quot;background_background&quot;:&quot;classic&quot;}\">\n\t\t\t\t\t\t<div class=\"elementor-container elementor-column-gap-default\">\n\t\t\t\t\t<div class=\"elementor-column elementor-col-100 elementor-top-column elementor-element elementor-element-3f0cda7\" data-id=\"3f0cda7\" data-element_type=\"column\" data-e-type=\"column\">\n\t\t\t<div class=\"elementor-widget-wrap elementor-element-populated\">\n\t\t\t\t\t\t<div class=\"elementor-element elementor-element-7b52608 elementor-widget elementor-widget-react-heading\" data-id=\"7b52608\" data-element_type=\"widget\" data-e-type=\"widget\" data-widget_type=\"react-heading.default\">\n\t\t\t\t<div class=\"elementor-widget-container\">\n\t\t\t\t\t\t  \r\n        <div class=\"react-heading default \">\r\n        \t<div class=\"title-inner no\">        \t\t      \t\t\r\n\t           \r\n\t\t\t\t<span class=\"sub-text\" data-aos-delay=\"200\" data-aos=\"fade-up\" data-aos-duration=\"800\" data-aos-once=\"true\">CORPORATE SOLUTIONS<\/span><h2 class=\"title\" data-aos-delay=\"300\" data-aos=\"fade-up\" data-aos-duration=\"800\" data-aos-once=\"true\">SERVICES<\/h2>\t        <\/div>\r\n\t\t\t\t        \r\n\t            \r\n        <\/div>\r\n        \t\t\t\t<\/div>\n\t\t\t\t<\/div>\n\t\t\t\t\t<\/div>\n\t\t<\/div>\n\t\t\t\t\t<\/div>\n\t\t<\/section>\n\t\t\t\t<section class=\"elementor-section elementor-top-section elementor-element elementor-element-e34a5e9 elementor-section-stretched elementor-section-boxed elementor-section-height-default elementor-section-height-default\" data-id=\"e34a5e9\" data-element_type=\"section\" data-e-type=\"section\" data-settings=\"{&quot;stretch_section&quot;:&quot;section-stretched&quot;,&quot;background_background&quot;:&quot;classic&quot;}\">\n\t\t\t\t\t\t<div class=\"elementor-container elementor-column-gap-custom\">\n\t\t\t\t\t<div class=\"elementor-column elementor-col-33 elementor-top-column elementor-element elementor-element-b174f54\" data-id=\"b174f54\" data-element_type=\"column\" data-e-type=\"column\">\n\t\t\t<div class=\"elementor-widget-wrap elementor-element-populated\">\n\t\t\t\t\t\t<div class=\"elementor-element elementor-element-9e577d9 elementor-widget elementor-widget-rt-service-grid\" data-id=\"9e577d9\" data-element_type=\"widget\" data-e-type=\"widget\" data-widget_type=\"rt-service-grid.default\">\n\t\t\t\t<div class=\"elementor-widget-container\">\n\t\t\t\t\t<div class=\"react-addon-services \r\nservices-style2 gray_\">\r\n\t<div class=\"rts-single-service-inner\">\r\n\t\t<div class=\"services-image\">\r\n\t\t\t\t\t\t\t<a  href=\"https:\/\/dunyamarine.net\/en\/engineering-and-surveying-services\/digital-base-map-production\/\" ><img decoding=\"async\" src=\"https:\/\/dunyaharita.turnasoft.com.tr\/wp-content\/uploads\/2025\/01\/hizmet-002.jpg\" alt=\"\"\/><\/a>\r\n\t\t\t\t\t\t\t\t<\/div>\r\n\t\t<div class=\"service-content\">\r\n\t\t\t\t\t    \t<div class=\"services-title\">\r\n\t\t    \t\t\t\t\t\t\t    \t\t\t\t\t\t\t    \t\t\t\r\n\t\t    \t\t<h2  class=\"title\"> <a href=\"https:\/\/dunyamarine.net\/en\/engineering-and-surveying-services\/digital-base-map-production\/\"  >Digital Base Map Production<\/a><\/h2>\r\n\t\t    \t\t\t\t\t\t    \t\t\r\n\t\t    \t<\/div>\r\n\t    \t\t\r\n\t\t\t\t    \t\t<p class=\"services-txt\"> <p>Say\u0131sal halihaz\u0131r harita, bir b\u00f6lgenin mevcut durumunu ve \u00fczerindeki topografik, fiziksel ve yap\u0131sal \u00f6zelliklerini dijital ortamda \u00f6l\u00e7ekli olarak detayl\u0131 bir \u015fekilde g\u00f6steren haritalard\u0131r.<\/p><\/p>\t\r\n\t    \t\t\r\n\t    \t\t\t<\/div>\r\n\t<\/div>\r\n<\/div>\t\t\t\t<\/div>\n\t\t\t\t<\/div>\n\t\t\t\t\t<\/div>\n\t\t<\/div>\n\t\t\t\t<div class=\"elementor-column elementor-col-33 elementor-top-column elementor-element elementor-element-704c9eb\" data-id=\"704c9eb\" data-element_type=\"column\" data-e-type=\"column\">\n\t\t\t<div class=\"elementor-widget-wrap elementor-element-populated\">\n\t\t\t\t\t\t<div class=\"elementor-element elementor-element-b34b34b elementor-widget elementor-widget-rt-service-grid\" data-id=\"b34b34b\" data-element_type=\"widget\" data-e-type=\"widget\" data-widget_type=\"rt-service-grid.default\">\n\t\t\t\t<div class=\"elementor-widget-container\">\n\t\t\t\t\t<div class=\"react-addon-services \r\nservices-style2 gray_no\">\r\n\t<div class=\"rts-single-service-inner\">\r\n\t\t<div class=\"services-image\">\r\n\t\t\t\t\t\t\t<a  href=\"https:\/\/dunyamarine.net\/en\/engineering-and-surveying-services\/photogrammetric-measurements\/\" ><img decoding=\"async\" src=\"https:\/\/dunyaharita.turnasoft.com.tr\/wp-content\/uploads\/2025\/01\/hizmetler-fotogrametrik-1.jpg\" alt=\"\"\/><\/a>\r\n\t\t\t\t\t\t\t\t<\/div>\r\n\t\t<div class=\"service-content\">\r\n\t\t\t\t\t    \t<div class=\"services-title\">\r\n\t\t    \t\t\t\t\t\t\t    \t\t\t\t\t\t\t    \t\t\t\r\n\t\t    \t\t<h2  class=\"title\"> <a href=\"https:\/\/dunyamarine.net\/en\/engineering-and-surveying-services\/photogrammetric-measurements\/\"  >Photogrammetric Measurements<\/a><\/h2>\r\n\t\t    \t\t\t\t\t\t    \t\t\r\n\t\t    \t<\/div>\r\n\t    \t\t\r\n\t\t\t\t    \t\t<p class=\"services-txt\"> <p>\u0130HA Fotogrametrisi, nesnelerin konumlar\u0131n\u0131, boyutlar\u0131n\u0131, \u015fekillerini ve di\u011fer fiziksel \u00f6zelliklerini havadan \u00e7ekilen foto\u011fraflar arac\u0131l\u0131\u011f\u0131yla \u00f6l\u00e7me ve haritalama y\u00f6ntemidir.<\/p><\/p>\t\r\n\t    \t\t\r\n\t    \t\t\t<\/div>\r\n\t<\/div>\r\n<\/div>\t\t\t\t<\/div>\n\t\t\t\t<\/div>\n\t\t\t\t\t<\/div>\n\t\t<\/div>\n\t\t\t\t<div class=\"elementor-column elementor-col-33 elementor-top-column elementor-element elementor-element-9ab966b\" data-id=\"9ab966b\" data-element_type=\"column\" data-e-type=\"column\">\n\t\t\t<div class=\"elementor-widget-wrap elementor-element-populated\">\n\t\t\t\t\t\t<div class=\"elementor-element elementor-element-2968520 elementor-widget elementor-widget-rt-service-grid\" data-id=\"2968520\" data-element_type=\"widget\" data-e-type=\"widget\" data-widget_type=\"rt-service-grid.default\">\n\t\t\t\t<div class=\"elementor-widget-container\">\n\t\t\t\t\t<div class=\"react-addon-services \r\nservices-style2 gray_no\">\r\n\t<div class=\"rts-single-service-inner\">\r\n\t\t<div class=\"services-image\">\r\n\t\t\t\t\t\t\t<a  href=\"https:\/\/dunyamarine.net\/en\/engineering-and-surveying-services\/3d-laser-scanning-and-facade-measurements\/\" ><img decoding=\"async\" src=\"https:\/\/dunyaharita.turnasoft.com.tr\/wp-content\/uploads\/2025\/01\/hizmetler-3b-lazer-tarama.jpg\" alt=\"\"\/><\/a>\r\n\t\t\t\t\t\t\t\t<\/div>\r\n\t\t<div class=\"service-content\">\r\n\t\t\t\t\t    \t<div class=\"services-title\">\r\n\t\t    \t\t\t\t\t\t\t    \t\t\t\t\t\t\t    \t\t\t\r\n\t\t    \t\t<h2  class=\"title\"> <a href=\"https:\/\/dunyamarine.net\/en\/engineering-and-surveying-services\/3d-laser-scanning-and-facade-measurements\/\"  >3D Laser Scanning and Facade Measurements<\/a><\/h2>\r\n\t\t    \t\t\t\t\t\t    \t\t\r\n\t\t    \t<\/div>\r\n\t    \t\t\r\n\t\t\t\t    \t\t<p class=\"services-txt\"> <p>Lazer teknolojisini kullanarak bir nesnenin, yap\u0131n\u0131n veya arazinin y\u00fczeyini k\u0131sa s\u00fcrede y\u00fcksek do\u011frulukla \u00fc\u00e7 boyutlu olarak taranmas\u0131n\u0131 sa\u011flayan \u00f6l\u00e7me y\u00f6ntemine Lazer tarama denilmektedir.<\/p><\/p>\t\r\n\t    \t\t\r\n\t    \t\t\t<\/div>\r\n\t<\/div>\r\n<\/div>\t\t\t\t<\/div>\n\t\t\t\t<\/div>\n\t\t\t\t\t<\/div>\n\t\t<\/div>\n\t\t\t\t\t<\/div>\n\t\t<\/section>\n\t\t\t\t<section class=\"elementor-section elementor-top-section elementor-element elementor-element-b44554e elementor-section-stretched elementor-section-boxed elementor-section-height-default elementor-section-height-default\" data-id=\"b44554e\" data-element_type=\"section\" data-e-type=\"section\" data-settings=\"{&quot;stretch_section&quot;:&quot;section-stretched&quot;,&quot;background_background&quot;:&quot;classic&quot;}\">\n\t\t\t\t\t\t<div class=\"elementor-container elementor-column-gap-custom\">\n\t\t\t\t\t<div class=\"elementor-column elementor-col-33 elementor-top-column elementor-element elementor-element-576c0a2\" data-id=\"576c0a2\" data-element_type=\"column\" data-e-type=\"column\">\n\t\t\t<div class=\"elementor-widget-wrap elementor-element-populated\">\n\t\t\t\t\t\t<div class=\"elementor-element elementor-element-d36cb26 elementor-widget elementor-widget-rt-service-grid\" data-id=\"d36cb26\" data-element_type=\"widget\" data-e-type=\"widget\" data-widget_type=\"rt-service-grid.default\">\n\t\t\t\t<div class=\"elementor-widget-container\">\n\t\t\t\t\t<div class=\"react-addon-services \r\nservices-style2 gray_\">\r\n\t<div class=\"rts-single-service-inner\">\r\n\t\t<div class=\"services-image\">\r\n\t\t\t\t\t\t\t<a  href=\"https:\/\/dunyamarine.net\/en\/engineering-and-surveying-services\/deformation-measurements\/\" ><img decoding=\"async\" src=\"https:\/\/dunyaharita.turnasoft.com.tr\/wp-content\/uploads\/2025\/01\/hizmetler-deformasyon.jpg\" alt=\"\"\/><\/a>\r\n\t\t\t\t\t\t\t\t<\/div>\r\n\t\t<div class=\"service-content\">\r\n\t\t\t\t\t    \t<div class=\"services-title\">\r\n\t\t    \t\t\t\t\t\t\t    \t\t\t\t\t\t\t    \t\t\t\r\n\t\t    \t\t<h2  class=\"title\"> <a href=\"https:\/\/dunyamarine.net\/en\/engineering-and-surveying-services\/deformation-measurements\/\"  >Deformation Measurements<\/a><\/h2>\r\n\t\t    \t\t\t\t\t\t    \t\t\r\n\t\t    \t<\/div>\r\n\t    \t\t\r\n\t\t\t\t    \t\t<p class=\"services-txt\"> <p>Deformasyon \u00f6l\u00e7meleri, yap\u0131lar\u0131n, zeminlerin ve y\u00fczeylerin \u00e7e\u015fitli sebeplerden dolay\u0131 zaman i\u00e7inde meydana gelebilecek hareketleri veya \u015fekil de\u011fi\u015fikliklerini tespit etmek amac\u0131yla periyodik olarak yap\u0131lan hassas \u00f6l\u00e7melerdir.<\/p><\/p>\t\r\n\t    \t\t\r\n\t    \t\t\t<\/div>\r\n\t<\/div>\r\n<\/div>\t\t\t\t<\/div>\n\t\t\t\t<\/div>\n\t\t\t\t\t<\/div>\n\t\t<\/div>\n\t\t\t\t<div class=\"elementor-column elementor-col-33 elementor-top-column elementor-element elementor-element-0263990\" data-id=\"0263990\" data-element_type=\"column\" data-e-type=\"column\">\n\t\t\t<div class=\"elementor-widget-wrap elementor-element-populated\">\n\t\t\t\t\t\t<div class=\"elementor-element elementor-element-f0c1f44 elementor-widget elementor-widget-rt-service-grid\" data-id=\"f0c1f44\" data-element_type=\"widget\" data-e-type=\"widget\" data-widget_type=\"rt-service-grid.default\">\n\t\t\t\t<div class=\"elementor-widget-container\">\n\t\t\t\t\t<div class=\"react-addon-services \r\nservices-style2 gray_no\">\r\n\t<div class=\"rts-single-service-inner\">\r\n\t\t<div class=\"services-image\">\r\n\t\t\t\t\t\t\t<a  href=\"https:\/\/dunyamarine.net\/en\/engineering-and-surveying-services\/bathymetry-and-marine-structure-measurements\/\" ><img decoding=\"async\" src=\"https:\/\/dunyaharita.turnasoft.com.tr\/wp-content\/uploads\/2025\/01\/hizmetler-batimetri-ve-deniz.jpg\" alt=\"\"\/><\/a>\r\n\t\t\t\t\t\t\t\t<\/div>\r\n\t\t<div class=\"service-content\">\r\n\t\t\t\t\t    \t<div class=\"services-title\">\r\n\t\t    \t\t\t\t\t\t\t    \t\t\t\t\t\t\t    \t\t\t\r\n\t\t    \t\t<h2  class=\"title\"> <a href=\"https:\/\/dunyamarine.net\/en\/engineering-and-surveying-services\/bathymetry-and-marine-structure-measurements\/\"  >Bathymetry and Marine Structure Measurements<\/a><\/h2>\r\n\t\t    \t\t\t\t\t\t    \t\t\r\n\t\t    \t<\/div>\r\n\t    \t\t\r\n\t\t\t\t    \t\t<p class=\"services-txt\"> <p>Hidrografik \u00f6l\u00e7meler, sularla kapl\u0131 ortamlarda yap\u0131lan jeodezik ve o\u015finografik \u00f6l\u00e7me \u00e7al\u0131\u015fmalar\u0131n\u0131 kapsamaktad\u0131r.<\/p><\/p>\t\r\n\t    \t\t\r\n\t    \t\t\t<\/div>\r\n\t<\/div>\r\n<\/div>\t\t\t\t<\/div>\n\t\t\t\t<\/div>\n\t\t\t\t\t<\/div>\n\t\t<\/div>\n\t\t\t\t<div class=\"elementor-column elementor-col-33 elementor-top-column elementor-element elementor-element-849436e\" data-id=\"849436e\" data-element_type=\"column\" data-e-type=\"column\">\n\t\t\t<div class=\"elementor-widget-wrap elementor-element-populated\">\n\t\t\t\t\t\t<div class=\"elementor-element elementor-element-7efb821 elementor-widget elementor-widget-rt-service-grid\" data-id=\"7efb821\" data-element_type=\"widget\" data-e-type=\"widget\" data-widget_type=\"rt-service-grid.default\">\n\t\t\t\t<div class=\"elementor-widget-container\">\n\t\t\t\t\t<div class=\"react-addon-services \r\nservices-style2 gray_no\">\r\n\t<div class=\"rts-single-service-inner\">\r\n\t\t<div class=\"services-image\">\r\n\t\t\t\t\t\t\t<a  href=\"https:\/\/dunyamarine.net\/en\/engineering-and-surveying-services\/reinforced-concrete-structure-measurements\/\" ><img decoding=\"async\" src=\"https:\/\/dunyaharita.turnasoft.com.tr\/wp-content\/uploads\/2025\/01\/hizmetler-betorname-yapi-olcmeleri-00.jpg\" alt=\"\"\/><\/a>\r\n\t\t\t\t\t\t\t\t<\/div>\r\n\t\t<div class=\"service-content\">\r\n\t\t\t\t\t    \t<div class=\"services-title\">\r\n\t\t    \t\t\t\t\t\t\t    \t\t\t\t\t\t\t    \t\t\t\r\n\t\t    \t\t<h2  class=\"title\"> <a href=\"https:\/\/dunyamarine.net\/en\/engineering-and-surveying-services\/reinforced-concrete-structure-measurements\/\"  >Reinforced Concrete Structure Measurements<\/a><\/h2>\r\n\t\t    \t\t\t\t\t\t    \t\t\r\n\t\t    \t<\/div>\r\n\t    \t\t\r\n\t\t\t\t    \t\t<p class=\"services-txt\"> <p>K\u00f6pr\u00fc, Viyad\u00fck, G\u00f6kdelen, Kule gibi betonarmeden olu\u015fan m\u00fchendislik eserlerinde yap\u0131lan \u00f6l\u00e7meler Betonarme Yap\u0131 \u00d6l\u00e7meleri olarak s\u0131n\u0131fland\u0131r\u0131lmaktad\u0131r.<\/p><\/p>\t\r\n\t    \t\t\r\n\t    \t\t\t<\/div>\r\n\t<\/div>\r\n<\/div>\t\t\t\t<\/div>\n\t\t\t\t<\/div>\n\t\t\t\t\t<\/div>\n\t\t<\/div>\n\t\t\t\t\t<\/div>\n\t\t<\/section>\n\t\t\t\t<section class=\"elementor-section elementor-top-section elementor-element elementor-element-c8549d2 elementor-section-stretched elementor-section-boxed elementor-section-height-default elementor-section-height-default\" data-id=\"c8549d2\" data-element_type=\"section\" data-e-type=\"section\" data-settings=\"{&quot;stretch_section&quot;:&quot;section-stretched&quot;,&quot;background_background&quot;:&quot;classic&quot;}\">\n\t\t\t\t\t\t<div class=\"elementor-container elementor-column-gap-custom\">\n\t\t\t\t\t<div class=\"elementor-column elementor-col-33 elementor-top-column elementor-element elementor-element-c577da5\" data-id=\"c577da5\" data-element_type=\"column\" data-e-type=\"column\">\n\t\t\t<div class=\"elementor-widget-wrap elementor-element-populated\">\n\t\t\t\t\t\t<div class=\"elementor-element elementor-element-2fe4cc4 elementor-widget elementor-widget-rt-service-grid\" data-id=\"2fe4cc4\" data-element_type=\"widget\" data-e-type=\"widget\" data-widget_type=\"rt-service-grid.default\">\n\t\t\t\t<div class=\"elementor-widget-container\">\n\t\t\t\t\t<div class=\"react-addon-services \r\nservices-style2 gray_\">\r\n\t<div class=\"rts-single-service-inner\">\r\n\t\t<div class=\"services-image\">\r\n\t\t\t\t\t\t\t<a  href=\"https:\/\/dunyamarine.net\/en\/engineering-and-surveying-services\/road-tunnel-and-intersection-measurements\/\" ><img decoding=\"async\" src=\"https:\/\/dunyaharita.turnasoft.com.tr\/wp-content\/uploads\/2025\/01\/hizmetler-yol-tunel-ve-kavsak.jpg\" alt=\"\"\/><\/a>\r\n\t\t\t\t\t\t\t\t<\/div>\r\n\t\t<div class=\"service-content\">\r\n\t\t\t\t\t    \t<div class=\"services-title\">\r\n\t\t    \t\t\t\t\t\t\t    \t\t\t\t\t\t\t    \t\t\t\r\n\t\t    \t\t<h2  class=\"title\"> <a href=\"https:\/\/dunyamarine.net\/en\/engineering-and-surveying-services\/road-tunnel-and-intersection-measurements\/\"  >Road, Tunnel and Intersection Measurements<\/a><\/h2>\r\n\t\t    \t\t\t\t\t\t    \t\t\r\n\t\t    \t<\/div>\r\n\t    \t\t\r\n\t\t\t\t    \t\t<p class=\"services-txt\"> <p>Yol, t\u00fcnel ve kav\u015fak gibi b\u00fcy\u00fck altyap\u0131 projeleri i\u00e7in yap\u0131lan Harita \u00f6l\u00e7meleri, hem proje tasar\u0131m\u0131 hem de in\u015faat s\u00fcrecinin en kritik a\u015famalar\u0131d\u0131r.<\/p><\/p>\t\r\n\t    \t\t\r\n\t    \t\t\t<\/div>\r\n\t<\/div>\r\n<\/div>\t\t\t\t<\/div>\n\t\t\t\t<\/div>\n\t\t\t\t\t<\/div>\n\t\t<\/div>\n\t\t\t\t<div class=\"elementor-column elementor-col-33 elementor-top-column elementor-element elementor-element-94d146f\" data-id=\"94d146f\" data-element_type=\"column\" data-e-type=\"column\">\n\t\t\t<div class=\"elementor-widget-wrap elementor-element-populated\">\n\t\t\t\t\t\t<div class=\"elementor-element elementor-element-95d4965 elementor-widget elementor-widget-rt-service-grid\" data-id=\"95d4965\" data-element_type=\"widget\" data-e-type=\"widget\" data-widget_type=\"rt-service-grid.default\">\n\t\t\t\t<div class=\"elementor-widget-container\">\n\t\t\t\t\t<div class=\"react-addon-services \r\nservices-style2 gray_no\">\r\n\t<div class=\"rts-single-service-inner\">\r\n\t\t<div class=\"services-image\">\r\n\t\t\t\t\t\t\t<a  href=\"https:\/\/dunyamarine.net\/en\/engineering-and-surveying-services\/steel-construction-and-industrial-facility-measurements\/\" ><img decoding=\"async\" src=\"https:\/\/dunyaharita.turnasoft.com.tr\/wp-content\/uploads\/2025\/01\/hizmetler-celik-konstruksiyon.jpg\" alt=\"\"\/><\/a>\r\n\t\t\t\t\t\t\t\t<\/div>\r\n\t\t<div class=\"service-content\">\r\n\t\t\t\t\t    \t<div class=\"services-title\">\r\n\t\t    \t\t\t\t\t\t\t    \t\t\t\t\t\t\t    \t\t\t\r\n\t\t    \t\t<h2  class=\"title\"> <a href=\"https:\/\/dunyamarine.net\/en\/engineering-and-surveying-services\/steel-construction-and-industrial-facility-measurements\/\"  >Steel Construction and Industrial Facility Measurements<\/a><\/h2>\r\n\t\t    \t\t\t\t\t\t    \t\t\r\n\t\t    \t<\/div>\r\n\t    \t\t\r\n\t\t\t\t    \t\t<p class=\"services-txt\"> <p>End\u00fcstriyel tesis, Spor tesisleri gibi \u00e7elik konstr\u00fcksiyondan olu\u015fan m\u00fchendislik eserlerinde yap\u0131lan \u00f6l\u00e7meler \u00c7elik Konstr\u00fcksiyon \u00d6l\u00e7meleri olarak s\u0131n\u0131fland\u0131r\u0131lmaktad\u0131r.<\/p><\/p>\t\r\n\t    \t\t\r\n\t    \t\t\t<\/div>\r\n\t<\/div>\r\n<\/div>\t\t\t\t<\/div>\n\t\t\t\t<\/div>\n\t\t\t\t\t<\/div>\n\t\t<\/div>\n\t\t\t\t<div class=\"elementor-column elementor-col-33 elementor-top-column elementor-element elementor-element-c0a4e78\" data-id=\"c0a4e78\" data-element_type=\"column\" data-e-type=\"column\">\n\t\t\t<div class=\"elementor-widget-wrap elementor-element-populated\">\n\t\t\t\t\t\t<div class=\"elementor-element elementor-element-39ce64d elementor-widget elementor-widget-rt-service-grid\" data-id=\"39ce64d\" data-element_type=\"widget\" data-e-type=\"widget\" data-widget_type=\"rt-service-grid.default\">\n\t\t\t\t<div class=\"elementor-widget-container\">\n\t\t\t\t\t<div class=\"react-addon-services \r\nservices-style2 gray_no\">\r\n\t<div class=\"rts-single-service-inner\">\r\n\t\t<div class=\"services-image\">\r\n\t\t\t\t\t\t\t<a  href=\"https:\/\/dunyamarine.net\/en\/engineering-and-surveying-services\/gis-projects\/\" ><img decoding=\"async\" src=\"https:\/\/dunyaharita.turnasoft.com.tr\/wp-content\/uploads\/2025\/01\/hizmetler-cbs-projeleri.jpg\" alt=\"\"\/><\/a>\r\n\t\t\t\t\t\t\t\t<\/div>\r\n\t\t<div class=\"service-content\">\r\n\t\t\t\t\t    \t<div class=\"services-title\">\r\n\t\t    \t\t\t\t\t\t\t    \t\t\t\t\t\t\t    \t\t\t\r\n\t\t    \t\t<h2  class=\"title\"> <a href=\"https:\/\/dunyamarine.net\/en\/engineering-and-surveying-services\/gis-projects\/\"  >GIS Projects<\/a><\/h2>\r\n\t\t    \t\t\t\t\t\t    \t\t\r\n\t\t    \t<\/div>\r\n\t    \t\t\r\n\t\t\t\t    \t\t<p class=\"services-txt\"> <p>CBS Projeleri konuma dayal\u0131 verilerin toplanmas\u0131, depolanmas\u0131, analizi, g\u00f6rselle\u015ftirilmesi ve payla\u015f\u0131lmas\u0131n\u0131 sa\u011flayan sistemlerdir.<\/p><\/p>\t\r\n\t    \t\t\r\n\t    \t\t\t<\/div>\r\n\t<\/div>\r\n<\/div>\t\t\t\t<\/div>\n\t\t\t\t<\/div>\n\t\t\t\t\t<\/div>\n\t\t<\/div>\n\t\t\t\t\t<\/div>\n\t\t<\/section>\n\t\t\t\t<section class=\"elementor-section elementor-top-section elementor-element elementor-element-5cd6560 elementor-section-stretched elementor-section-boxed elementor-section-height-default elementor-section-height-default\" data-id=\"5cd6560\" data-element_type=\"section\" data-e-type=\"section\" data-settings=\"{&quot;stretch_section&quot;:&quot;section-stretched&quot;,&quot;background_background&quot;:&quot;classic&quot;}\">\n\t\t\t\t\t\t<div class=\"elementor-container elementor-column-gap-custom\">\n\t\t\t\t\t<div class=\"elementor-column elementor-col-33 elementor-top-column elementor-element elementor-element-3a24d20\" data-id=\"3a24d20\" data-element_type=\"column\" data-e-type=\"column\">\n\t\t\t<div class=\"elementor-widget-wrap elementor-element-populated\">\n\t\t\t\t\t\t<div class=\"elementor-element elementor-element-d212356 elementor-widget elementor-widget-rt-service-grid\" data-id=\"d212356\" data-element_type=\"widget\" data-e-type=\"widget\" data-widget_type=\"rt-service-grid.default\">\n\t\t\t\t<div class=\"elementor-widget-container\">\n\t\t\t\t\t<div class=\"react-addon-services \r\nservices-style2 gray_\">\r\n\t<div class=\"rts-single-service-inner\">\r\n\t\t<div class=\"services-image\">\r\n\t\t\t\t\t\t\t<a  href=\"https:\/\/dunyamarine.net\/en\/engineering-and-surveying-services\/3d-building-application-and-registration-procedures\/\" ><img decoding=\"async\" src=\"https:\/\/dunyaharita.turnasoft.com.tr\/wp-content\/uploads\/2025\/01\/hizmetler-3b-yapi-aplikasyon.jpg\" alt=\"\"\/><\/a>\r\n\t\t\t\t\t\t\t\t<\/div>\r\n\t\t<div class=\"service-content\">\r\n\t\t\t\t\t    \t<div class=\"services-title\">\r\n\t\t    \t\t\t\t\t\t\t    \t\t\t\t\t\t\t    \t\t\t\r\n\t\t    \t\t<h2  class=\"title\"> <a href=\"https:\/\/dunyamarine.net\/en\/engineering-and-surveying-services\/3d-building-application-and-registration-procedures\/\"  >3D Building Application and Registration Procedures<\/a><\/h2>\r\n\t\t    \t\t\t\t\t\t    \t\t\r\n\t\t    \t<\/div>\r\n\t    \t\t\r\n\t\t\t\t    \t\t<p class=\"services-txt\"> <p>3 boyutlu say\u0131sal yap\u0131 modeli, ba\u011f\u0131ms\u0131z b\u00f6l\u00fcmlerden olu\u015fan yap\u0131larda kat irtifak\u0131 kurulabilmesi amac\u0131yla yap\u0131n\u0131n CityGML format\u0131 ve \u00fclke koordinat sisteminde haz\u0131rlanan 3 boyutlu say\u0131salla\u015ft\u0131rmas\u0131d\u0131r.<\/p><\/p>\t\r\n\t    \t\t\r\n\t    \t\t\t<\/div>\r\n\t<\/div>\r\n<\/div>\t\t\t\t<\/div>\n\t\t\t\t<\/div>\n\t\t\t\t\t<\/div>\n\t\t<\/div>\n\t\t\t\t<div class=\"elementor-column elementor-col-33 elementor-top-column elementor-element elementor-element-ce161c4\" data-id=\"ce161c4\" data-element_type=\"column\" data-e-type=\"column\">\n\t\t\t<div class=\"elementor-widget-wrap\">\n\t\t\t\t\t\t\t<\/div>\n\t\t<\/div>\n\t\t\t\t<div class=\"elementor-column elementor-col-33 elementor-top-column elementor-element elementor-element-837fe02\" data-id=\"837fe02\" data-element_type=\"column\" data-e-type=\"column\">\n\t\t\t<div class=\"elementor-widget-wrap\">\n\t\t\t\t\t\t\t<\/div>\n\t\t<\/div>\n\t\t\t\t\t<\/div>\n\t\t<\/section>\n\t\t\t\t<\/div>\n\t\t","protected":false},"excerpt":{"rendered":"<p>CORPORATE SOLUTIONS SERVICES Digital Base Map Production Say\u0131sal halihaz\u0131r harita, bir b\u00f6lgenin mevcut durumunu ve \u00fczerindeki topografik, fiziksel ve yap\u0131sal \u00f6zelliklerini dijital ortamda \u00f6l\u00e7ekli olarak detayl\u0131 bir \u015fekilde g\u00f6steren haritalard\u0131r. Photogrammetric Measurements \u0130HA Fotogrametrisi, nesnelerin konumlar\u0131n\u0131, boyutlar\u0131n\u0131, \u015fekillerini ve di\u011fer fiziksel \u00f6zelliklerini havadan \u00e7ekilen foto\u011fraflar arac\u0131l\u0131\u011f\u0131yla \u00f6l\u00e7me ve haritalama y\u00f6ntemidir. 3D Laser Scanning and Facade&#8230;<\/p>\n","protected":false},"author":1,"featured_media":0,"parent":0,"menu_order":0,"comment_status":"closed","ping_status":"closed","template":"","meta":{"footnotes":""},"class_list":["post-17364","page","type-page","status-publish","hentry"],"_links":{"self":[{"href":"https:\/\/dunyamarine.net\/en\/wp-json\/wp\/v2\/pages\/17364","targetHints":{"allow":["GET"]}}],"collection":[{"href":"https:\/\/dunyamarine.net\/en\/wp-json\/wp\/v2\/pages"}],"about":[{"href":"https:\/\/dunyamarine.net\/en\/wp-json\/wp\/v2\/types\/page"}],"author":[{"embeddable":true,"href":"https:\/\/dunyamarine.net\/en\/wp-json\/wp\/v2\/users\/1"}],"replies":[{"embeddable":true,"href":"https:\/\/dunyamarine.net\/en\/wp-json\/wp\/v2\/comments?post=17364"}],"version-history":[{"count":0,"href":"https:\/\/dunyamarine.net\/en\/wp-json\/wp\/v2\/pages\/17364\/revisions"}],"wp:attachment":[{"href":"https:\/\/dunyamarine.net\/en\/wp-json\/wp\/v2\/media?parent=17364"}],"curies":[{"name":"wp","href":"https:\/\/api.w.org\/{rel}","templated":true}]}}